{"id":2059,"date":"2019-05-30T18:46:26","date_gmt":"2019-05-30T16:46:26","guid":{"rendered":"http:\/\/ingoal.es\/montage-et-ajustement\/"},"modified":"2019-05-30T18:46:28","modified_gmt":"2019-05-30T16:46:28","slug":"montage-et-ajustement","status":"publish","type":"page","link":"https:\/\/ingoal.es\/fr\/montage-et-ajustement\/","title":{"rendered":"MONTAGE ET AJUSTEMENT"},"content":{"rendered":"<p>\t\t\t\t[et_pb_section fb_built=\u00a0\u00bb1&Prime; fullwidth=\u00a0\u00bbon\u00a0\u00bb admin_label=\u00a0\u00bbsection\u00a0\u00bb _builder_version=\u00a0\u00bb3.22.3&Prime; background_color=\u00a0\u00bb#000000&Prime;][et_pb_fullwidth_image src=\u00a0\u00bbhttp:\/\/fanjulyasociados.es\/ingoal\/wp-content\/uploads\/sites\/61\/2019\/04\/ingoal-IMG_0360.jpg\u00a0\u00bb _builder_version=\u00a0\u00bb3.22.4&Prime; animation_style=\u00a0\u00bbslide\u00a0\u00bb animation_direction=\u00a0\u00bbtop\u00a0\u00bb animation_duration=\u00a0\u00bb500ms\u00a0\u00bb animation_intensity_slide=\u00a0\u00bb10%\u00a0\u00bb custom_css_main_element=\u00a0\u00bbmax-height: 60vh;||overflow: hidden;||display: flex; ||flex-direction: column; ||justify-content: center;\u00a0\u00bb animation=\u00a0\u00bbtop\u00a0\u00bb]<\/p>\n<p>[\/et_pb_fullwidth_image][\/et_pb_section][et_pb_section fb_built=\u00a0\u00bb1&Prime; admin_label=\u00a0\u00bbsection\u00a0\u00bb _builder_version=\u00a0\u00bb3.22.3&Prime; background_color=\u00a0\u00bb#000000&Prime; custom_padding=\u00a0\u00bb54px|0px|29px|0px\u00a0\u00bb][et_pb_row custom_padding=\u00a0\u00bb10px||10px|\u00a0\u00bb admin_label=\u00a0\u00bbrow\u00a0\u00bb _builder_version=\u00a0\u00bb3.22.3&Prime; background_size=\u00a0\u00bbinitial\u00a0\u00bb background_position=\u00a0\u00bbtop_left\u00a0\u00bb background_repeat=\u00a0\u00bbrepeat\u00a0\u00bb][et_pb_column type=\u00a0\u00bb1_2&Prime; _builder_version=\u00a0\u00bb3.0.47&Prime;][et_pb_text _builder_version=\u00a0\u00bb3.22.5&Prime; text_font=\u00a0\u00bb||||||||\u00a0\u00bb header_font=\u00a0\u00bbOswald||||||||\u00a0\u00bb header_font_size=\u00a0\u00bb60px\u00a0\u00bb header_line_height=\u00a0\u00bb1.3em\u00a0\u00bb background_layout=\u00a0\u00bbdark\u00a0\u00bb]<\/p>\n<h1>MONTAGE ET AJUSTEMENT<\/h1>\n<p>[\/et_pb_text][et_pb_text module_class=\u00a0\u00bbdestacado\u00a0\u00bb _builder_version=\u00a0\u00bb3.22.5&Prime; text_font=\u00a0\u00bb|300|||||||\u00a0\u00bb text_text_color=\u00a0\u00bb#ed4441&Prime; text_font_size=\u00a0\u00bb33px\u00a0\u00bb text_line_height=\u00a0\u00bb1.1em\u00a0\u00bb header_font=\u00a0\u00bbAbel||||\u00a0\u00bb header_font_size=\u00a0\u00bb35px\u00a0\u00bb background_size=\u00a0\u00bbinitial\u00a0\u00bb background_position=\u00a0\u00bbtop_left\u00a0\u00bb background_repeat=\u00a0\u00bbrepeat\u00a0\u00bb background_layout=\u00a0\u00bbdark\u00a0\u00bb header_3_font=\u00a0\u00bb||||||||\u00a0\u00bb]<\/p>\n<p class=\"p1\">\u201cNous a<span style=\"font-size: 33px;\">ccompagnons nos <\/span><span style=\"font-size: 33px;\">clients jusqu&rsquo;\u00e0 la derni\u00e8re \u00e9tape des<\/span> <span style=\"font-size: 33px;\">projets\u201d<\/span><\/p>\n<p>[\/et_pb_text][et_pb_text _builder_version=\u00a0\u00bb3.22.5&Prime; header_font=\u00a0\u00bbAbel||||\u00a0\u00bb header_font_size=\u00a0\u00bb35px\u00a0\u00bb background_size=\u00a0\u00bbinitial\u00a0\u00bb background_position=\u00a0\u00bbtop_left\u00a0\u00bb background_repeat=\u00a0\u00bbrepeat\u00a0\u00bb background_layout=\u00a0\u00bbdark\u00a0\u00bb]<\/p>\n<p style=\"text-align: left;\">INGOAL dispose des moyens de montage et ajustement qui nous permettent d&rsquo;offrir \u00e0 nos clients un compl\u00e9ment parfait \u00e0 leurs projets.<\/p>\n<p>[\/et_pb_text][\/et_pb_column][et_pb_column type=\u00a0\u00bb1_2&Prime; _builder_version=\u00a0\u00bb3.0.47&Prime;][et_pb_image src=\u00a0\u00bbhttp:\/\/fanjulyasociados.es\/ingoal\/wp-content\/uploads\/sites\/61\/2019\/04\/ingoal-IMG_0199.jpg\u00a0\u00bb _builder_version=\u00a0\u00bb3.22.1&Prime;][\/et_pb_image][\/et_pb_column][\/et_pb_row][et_pb_row custom_padding=\u00a0\u00bb40px||0px|\u00a0\u00bb admin_label=\u00a0\u00bbrow\u00a0\u00bb _builder_version=\u00a0\u00bb3.22.3&Prime; background_size=\u00a0\u00bbinitial\u00a0\u00bb background_position=\u00a0\u00bbtop_left\u00a0\u00bb background_repeat=\u00a0\u00bbrepeat\u00a0\u00bb][et_pb_column type=\u00a0\u00bb4_4&Prime; _builder_version=\u00a0\u00bb3.0.47&Prime;][et_pb_image src=\u00a0\u00bbhttp:\/\/fanjulyasociados.es\/ingoal\/wp-content\/uploads\/sites\/61\/2019\/04\/ingoal-pa\u0301gina-14_IMG_0158_2.jpg\u00a0\u00bb align=\u00a0\u00bbcenter\u00a0\u00bb force_fullwidth=\u00a0\u00bbon\u00a0\u00bb _builder_version=\u00a0\u00bb3.22.5&Prime;][\/et_pb_image][et_pb_gallery gallery_ids=\u00a0\u00bb292,291,289,288&Prime; orientation=\u00a0\u00bbportrait\u00a0\u00bb show_title_and_caption=\u00a0\u00bboff\u00a0\u00bb show_pagination=\u00a0\u00bboff\u00a0\u00bb hover_overlay_color=\u00a0\u00bbrgba(0,0,0,0.17)\u00a0\u00bb hover_icon=\u00a0\u00bb%%15%%\u00a0\u00bb _builder_version=\u00a0\u00bb3.0.47&Prime;]<\/p>\n<p>[\/et_pb_gallery][\/et_pb_column][\/et_pb_row][\/et_pb_section][et_pb_section fb_built=\u00a0\u00bb1&Prime; admin_label=\u00a0\u00bbsection\u00a0\u00bb _builder_version=\u00a0\u00bb3.22.5&Prime; background_color=\u00a0\u00bb#1d1d1b\u00a0\u00bb background_size=\u00a0\u00bbinitial\u00a0\u00bb background_position=\u00a0\u00bbtop_left\u00a0\u00bb custom_padding=\u00a0\u00bb20px|0px|20px|0px\u00a0\u00bb custom_css_main_element=\u00a0\u00bbbackground-color: rgba(0,0,0,0.46)!important;\u00a0\u00bb global_module=\u00a0\u00bb237&Prime;][et_pb_row custom_padding=\u00a0\u00bb||0||false|false\u00a0\u00bb custom_margin=\u00a0\u00bb||\u00a0\u00bb padding_bottom_1=\u00a0\u00bb0px\u00a0\u00bb admin_label=\u00a0\u00bbrow\u00a0\u00bb _builder_version=\u00a0\u00bb3.22.4&Prime; background_size=\u00a0\u00bbinitial\u00a0\u00bb background_position=\u00a0\u00bbtop_left\u00a0\u00bb background_repeat=\u00a0\u00bbrepeat\u00a0\u00bb custom_margin_tablet=\u00a0\u00bb||0px\u00a0\u00bb custom_margin_phone=\u00a0\u00bb||0px\u00a0\u00bb custom_margin_last_edited=\u00a0\u00bbon|tablet\u00a0\u00bb][et_pb_column type=\u00a0\u00bb1_3&Prime; _builder_version=\u00a0\u00bb3.0.47&Prime;][et_pb_image src=\u00a0\u00bbhttp:\/\/fanjulyasociados.es\/ingoal\/wp-content\/uploads\/sites\/61\/2019\/04\/LOGO-INGOAL.png\u00a0\u00bb always_center_on_mobile=\u00a0\u00bboff\u00a0\u00bb _builder_version=\u00a0\u00bb3.22.4&Prime; max_width=\u00a0\u00bb120px\u00a0\u00bb animation_direction=\u00a0\u00bbleft\u00a0\u00bb]<\/p>\n<p>[\/et_pb_image][\/et_pb_column][et_pb_column type=\u00a0\u00bb1_3&Prime; _builder_version=\u00a0\u00bb3.0.47&Prime;][\/et_pb_column][et_pb_column type=\u00a0\u00bb1_3&Prime; _builder_version=\u00a0\u00bb3.0.47&Prime;][\/et_pb_column][\/et_pb_row][et_pb_row use_custom_gutter=\u00a0\u00bbon\u00a0\u00bb gutter_width=\u00a0\u00bb2&Prime; admin_label=\u00a0\u00bbrow\u00a0\u00bb _builder_version=\u00a0\u00bb3.22.3&Prime; background_size=\u00a0\u00bbinitial\u00a0\u00bb background_position=\u00a0\u00bbtop_left\u00a0\u00bb background_repeat=\u00a0\u00bbrepeat\u00a0\u00bb][et_pb_column type=\u00a0\u00bb1_3&Prime; _builder_version=\u00a0\u00bb3.0.47&Prime;][et_pb_text ul_type=\u00a0\u00bbsquare\u00a0\u00bb ul_item_indent=\u00a0\u00bb17px\u00a0\u00bb _builder_version=\u00a0\u00bb3.22.2&Prime; text_font=\u00a0\u00bb|300||on|||||\u00a0\u00bb text_text_color=\u00a0\u00bb#ffffff\u00a0\u00bb ul_font=\u00a0\u00bb||||||||\u00a0\u00bb ul_font_size=\u00a0\u00bb15px\u00a0\u00bb header_font=\u00a0\u00bb||||||||\u00a0\u00bb background_size=\u00a0\u00bbinitial\u00a0\u00bb background_position=\u00a0\u00bbtop_left\u00a0\u00bb background_repeat=\u00a0\u00bbrepeat\u00a0\u00bb]<\/p>\n<ul>\n<li>COUPAGE ET FORMAGE<\/li>\n<li>EMBOUTISSAGE<\/li>\n<li>CHAUDRONNERIE ET SOUDAGE<\/li>\n<li>Traitements thermiques.<\/li>\n<li>Usinage en s\u00e9rie.<\/li>\n<li>USINAGE DE GRANDES PI\u00c8CES<\/li>\n<li>GRENAILLAGE, PEINTURE ET M\u00c9TALLISATION<\/li>\n<li>MONTAGE ET AJUSTEMENT<\/li>\n<\/ul>\n<p>[\/et_pb_text][\/et_pb_column][et_pb_column type=\u00a0\u00bb1_3&Prime; _builder_version=\u00a0\u00bb3.0.47&Prime;][et_pb_blurb title=\u00a0\u00bbAdresse\u00a0\u00bb use_icon=\u00a0\u00bbon\u00a0\u00bb font_icon=\u00a0\u00bb%%122%%\u00a0\u00bb icon_color=\u00a0\u00bb#ffffff\u00a0\u00bb use_circle=\u00a0\u00bbon\u00a0\u00bb use_circle_border=\u00a0\u00bbon\u00a0\u00bb circle_border_color=\u00a0\u00bb#ffffff\u00a0\u00bb icon_placement=\u00a0\u00bbleft\u00a0\u00bb content_max_width=\u00a0\u00bb100%\u00a0\u00bb use_icon_font_size=\u00a0\u00bbon\u00a0\u00bb icon_font_size=\u00a0\u00bb20px\u00a0\u00bb _builder_version=\u00a0\u00bb3.22.2&Prime; header_level=\u00a0\u00bbh5&Prime; header_font=\u00a0\u00bb|300|||||||\u00a0\u00bb header_font_size=\u00a0\u00bb16px\u00a0\u00bb header_line_height=\u00a0\u00bb2.2em\u00a0\u00bb body_font=\u00a0\u00bb||||||||\u00a0\u00bb body_font_size=\u00a0\u00bb14px\u00a0\u00bb background_size=\u00a0\u00bbinitial\u00a0\u00bb background_position=\u00a0\u00bbtop_left\u00a0\u00bb background_repeat=\u00a0\u00bbrepeat\u00a0\u00bb background_layout=\u00a0\u00bbdark\u00a0\u00bb link_option_url=\u00a0\u00bbhttp:\/\/fanjulyasociados.es\/ingoal\/contacto\/#mapa\u00a0\u00bb custom_css_blurb_title=\u00a0\u00bbfont-weight: 500!important;\u00a0\u00bb]<\/p>\n<p>secteur d&rsquo;activit\u00e9 Lloreda<br \/> Avda. de la Econom\u00eda social, 1190<br \/> 33211 Gij\u00f3n, Asturias-Espagne<\/p>\n<p>[\/et_pb_blurb][\/et_pb_column][et_pb_column type=\u00a0\u00bb1_3&Prime; _builder_version=\u00a0\u00bb3.0.47&Prime;][et_pb_blurb title=\u00a0\u00bbT\u00e9l\u00e9phone\u00a0\u00bb use_icon=\u00a0\u00bbon\u00a0\u00bb font_icon=\u00a0\u00bb%%264%%\u00a0\u00bb icon_color=\u00a0\u00bb#ffffff\u00a0\u00bb use_circle=\u00a0\u00bbon\u00a0\u00bb use_circle_border=\u00a0\u00bbon\u00a0\u00bb circle_border_color=\u00a0\u00bb#ffffff\u00a0\u00bb icon_placement=\u00a0\u00bbleft\u00a0\u00bb content_max_width=\u00a0\u00bb100%\u00a0\u00bb use_icon_font_size=\u00a0\u00bbon\u00a0\u00bb icon_font_size=\u00a0\u00bb20px\u00a0\u00bb _builder_version=\u00a0\u00bb3.21.4&Prime; header_level=\u00a0\u00bbh5&Prime; header_font=\u00a0\u00bb|300|||||||\u00a0\u00bb header_font_size=\u00a0\u00bb16px\u00a0\u00bb header_line_height=\u00a0\u00bb2.2em\u00a0\u00bb body_font=\u00a0\u00bb||||||||\u00a0\u00bb body_font_size=\u00a0\u00bb14px\u00a0\u00bb background_size=\u00a0\u00bbinitial\u00a0\u00bb background_position=\u00a0\u00bbtop_left\u00a0\u00bb background_repeat=\u00a0\u00bbrepeat\u00a0\u00bb background_layout=\u00a0\u00bbdark\u00a0\u00bb link_option_url=\u00a0\u00bbT\u00e9l: + 34985303770&Prime; custom_css_blurb_title=\u00a0\u00bbfont-weight: 500!important;\u00a0\u00bb]<\/p>\n<p>+34 985 303 770<\/p>\n<p>[\/et_pb_blurb][et_pb_blurb title=\u00a0\u00bbfax\u00a0\u00bb use_icon=\u00a0\u00bbon\u00a0\u00bb font_icon=\u00a0\u00bb%%142%%\u00a0\u00bb icon_color=\u00a0\u00bb#ffffff\u00a0\u00bb use_circle=\u00a0\u00bbon\u00a0\u00bb use_circle_border=\u00a0\u00bbon\u00a0\u00bb circle_border_color=\u00a0\u00bb#ffffff\u00a0\u00bb icon_placement=\u00a0\u00bbleft\u00a0\u00bb content_max_width=\u00a0\u00bb100%\u00a0\u00bb use_icon_font_size=\u00a0\u00bbon\u00a0\u00bb icon_font_size=\u00a0\u00bb20px\u00a0\u00bb _builder_version=\u00a0\u00bb3.21.4&Prime; header_level=\u00a0\u00bbh5&Prime; header_font=\u00a0\u00bb|300|||||||\u00a0\u00bb header_font_size=\u00a0\u00bb16px\u00a0\u00bb header_line_height=\u00a0\u00bb2.2em\u00a0\u00bb body_font=\u00a0\u00bb||||||||\u00a0\u00bb body_font_size=\u00a0\u00bb14px\u00a0\u00bb background_size=\u00a0\u00bbinitial\u00a0\u00bb background_position=\u00a0\u00bbtop_left\u00a0\u00bb background_repeat=\u00a0\u00bbrepeat\u00a0\u00bb background_layout=\u00a0\u00bbdark\u00a0\u00bb link_option_url=\u00a0\u00bbT\u00e9l: + 34985303784&Prime; custom_css_blurb_title=\u00a0\u00bbfont-weight: 500!important;\u00a0\u00bb]<\/p>\n<p>+34 985 303 784<\/p>\n<p>[\/et_pb_blurb][et_pb_blurb title=\u00a0\u00bbemail\u00a0\u00bb use_icon=\u00a0\u00bbon\u00a0\u00bb font_icon=\u00a0\u00bb%%109%%\u00a0\u00bb icon_color=\u00a0\u00bb#ffffff\u00a0\u00bb use_circle=\u00a0\u00bbon\u00a0\u00bb use_circle_border=\u00a0\u00bbon\u00a0\u00bb circle_border_color=\u00a0\u00bb#ffffff\u00a0\u00bb icon_placement=\u00a0\u00bbleft\u00a0\u00bb content_max_width=\u00a0\u00bb100%\u00a0\u00bb use_icon_font_size=\u00a0\u00bbon\u00a0\u00bb icon_font_size=\u00a0\u00bb20px\u00a0\u00bb _builder_version=\u00a0\u00bb3.21.4&Prime; header_level=\u00a0\u00bbh5&Prime; header_font=\u00a0\u00bb|300|||||||\u00a0\u00bb header_font_size=\u00a0\u00bb16px\u00a0\u00bb header_line_height=\u00a0\u00bb2.2em\u00a0\u00bb body_font=\u00a0\u00bb||||||||\u00a0\u00bb body_font_size=\u00a0\u00bb14px\u00a0\u00bb background_size=\u00a0\u00bbinitial\u00a0\u00bb background_position=\u00a0\u00bbtop_left\u00a0\u00bb background_repeat=\u00a0\u00bbrepeat\u00a0\u00bb background_layout=\u00a0\u00bbdark\u00a0\u00bb link_option_url=\u00a0\u00bbmailto:ingoal@ingoal.es\u00a0\u00bb custom_css_blurb_title=\u00a0\u00bbfont-weight: 500!important;\u00a0\u00bb]<\/p>\n<p>ingoal@ingoal.es<\/p>\n<p>[\/et_pb_blurb][\/et_pb_column][\/et_pb_row][\/et_pb_section]\t\t<\/p>\n","protected":false},"excerpt":{"rendered":"<p>MONTAGE ET AJUSTEMENT\u201cNous accompagnons nos clients jusqu&rsquo;\u00e0 la derni\u00e8re \u00e9tape des projets\u201d INGOAL dispose des moyens de montage et ajustement qui nous permettent d&rsquo;offrir \u00e0 nos clients un compl\u00e9ment parfait \u00e0 leurs projets. COUPAGE ET FORMAGE EMBOUTISSAGE CHAUDRONNERIE ET SOUDAGE Traitements thermiques. Usinage en s\u00e9rie. USINAGE DE GRANDES PI\u00c8CES GRENAILLAGE, PEINTURE ET M\u00c9TALLISATION MONTAGE ET [&hellip;]<\/p>\n","protected":false},"author":1,"featured_media":0,"parent":0,"menu_order":17,"comment_status":"closed","ping_status":"closed","template":"","meta":{"_et_pb_use_builder":"on","_et_pb_old_content":"","_et_gb_content_width":"","footnotes":""},"class_list":["post-2059","page","type-page","status-publish","hentry"],"_links":{"self":[{"href":"https:\/\/ingoal.es\/fr\/wp-json\/wp\/v2\/pages\/2059"}],"collection":[{"href":"https:\/\/ingoal.es\/fr\/wp-json\/wp\/v2\/pages"}],"about":[{"href":"https:\/\/ingoal.es\/fr\/wp-json\/wp\/v2\/types\/page"}],"author":[{"embeddable":true,"href":"https:\/\/ingoal.es\/fr\/wp-json\/wp\/v2\/users\/1"}],"replies":[{"embeddable":true,"href":"https:\/\/ingoal.es\/fr\/wp-json\/wp\/v2\/comments?post=2059"}],"version-history":[{"count":1,"href":"https:\/\/ingoal.es\/fr\/wp-json\/wp\/v2\/pages\/2059\/revisions"}],"predecessor-version":[{"id":2060,"href":"https:\/\/ingoal.es\/fr\/wp-json\/wp\/v2\/pages\/2059\/revisions\/2060"}],"wp:attachment":[{"href":"https:\/\/ingoal.es\/fr\/wp-json\/wp\/v2\/media?parent=2059"}],"curies":[{"name":"wp","href":"https:\/\/api.w.org\/{rel}","templated":true}]}}