{"id":2055,"date":"2019-05-30T18:43:20","date_gmt":"2019-05-30T16:43:20","guid":{"rendered":"http:\/\/ingoal.es\/usinage-de-grandes-pieces\/"},"modified":"2019-08-13T10:07:55","modified_gmt":"2019-08-13T08:07:55","slug":"usinage-de-grandes-pieces","status":"publish","type":"page","link":"https:\/\/ingoal.es\/fr\/usinage-de-grandes-pieces\/","title":{"rendered":"USINAGE DE GRANDES PI\u00c8CES"},"content":{"rendered":"<p>[et_pb_section fb_built=\u00a0\u00bb1&Prime; fullwidth=\u00a0\u00bbon\u00a0\u00bb admin_label=\u00a0\u00bbsection\u00a0\u00bb _builder_version=\u00a0\u00bb3.22.3&Prime; background_color=\u00a0\u00bb#000000&Prime;][et_pb_fullwidth_image src=\u00a0\u00bbhttp:\/\/fanjulyasociados.es\/ingoal\/wp-content\/uploads\/sites\/61\/2019\/04\/ingoal-IMG_0531-1.jpg\u00a0\u00bb _builder_version=\u00a0\u00bb3.22.1&Prime; animation_style=\u00a0\u00bbslide\u00a0\u00bb animation_direction=\u00a0\u00bbtop\u00a0\u00bb animation_duration=\u00a0\u00bb500ms\u00a0\u00bb animation_intensity_slide=\u00a0\u00bb10%\u00a0\u00bb custom_css_main_element=\u00a0\u00bbmax-height: 60vh;||overflow: hidden;||display: flex; ||flex-direction: column; ||justify-content: center;\u00a0\u00bb animation=\u00a0\u00bbtop\u00a0\u00bb]<\/p>\n<p>[\/et_pb_fullwidth_image][\/et_pb_section][et_pb_section fb_built=\u00a0\u00bb1&Prime; admin_label=\u00a0\u00bbsection\u00a0\u00bb _builder_version=\u00a0\u00bb3.22.5&Prime; background_color=\u00a0\u00bb#000000&Prime; custom_padding=\u00a0\u00bb54px|0px|29px|0px\u00a0\u00bb background_image=\u00a0\u00bbhttp:\/\/ingoal.es\/wp-content\/uploads\/2019\/08\/2269web.jpg\u00a0\u00bb use_background_color_gradient=\u00a0\u00bbon\u00a0\u00bb background_color_gradient_start=\u00a0\u00bbrgba(0,0,0,0.4)\u00a0\u00bb background_color_gradient_end=\u00a0\u00bbrgba(0,0,0,0.8)\u00a0\u00bb background_color_gradient_overlays_image=\u00a0\u00bbon\u00a0\u00bb][et_pb_row custom_padding=\u00a0\u00bb10px||10px|\u00a0\u00bb admin_label=\u00a0\u00bbrow\u00a0\u00bb _builder_version=\u00a0\u00bb3.22.3&Prime; background_size=\u00a0\u00bbinitial\u00a0\u00bb background_position=\u00a0\u00bbtop_left\u00a0\u00bb background_repeat=\u00a0\u00bbrepeat\u00a0\u00bb][et_pb_column type=\u00a0\u00bb1_2&Prime; _builder_version=\u00a0\u00bb3.0.47&Prime;][et_pb_text _builder_version=\u00a0\u00bb3.22.5&Prime; text_font=\u00a0\u00bb||||||||\u00a0\u00bb header_font=\u00a0\u00bbOswald||||||||\u00a0\u00bb header_font_size=\u00a0\u00bb60px\u00a0\u00bb header_line_height=\u00a0\u00bb1.3em\u00a0\u00bb background_layout=\u00a0\u00bbdark\u00a0\u00bb]<\/p>\n<h1>USINAGE DE GRANDES PI\u00c8CES<\/h1>\n<p>[\/et_pb_text][et_pb_text _builder_version=\u00a0\u00bb3.22.1&Prime; header_font=\u00a0\u00bbAbel||||\u00a0\u00bb header_font_size=\u00a0\u00bb35px\u00a0\u00bb background_size=\u00a0\u00bbinitial\u00a0\u00bb background_position=\u00a0\u00bbtop_left\u00a0\u00bb background_repeat=\u00a0\u00bbrepeat\u00a0\u00bb background_layout=\u00a0\u00bbdark\u00a0\u00bb]<\/p>\n<ul>\n<li><strong>Fraiseuse ZAYER<\/strong> 30KCU 14000<br \/> X-14000, Y-1500, Z-3000.<br \/> T\u00eate automatique 360 000 positions.<br \/> 2000&#215;2000 table tournante<\/li>\n<li><strong>Fraiseuse Soraluce<\/strong> FS14000<br \/> X-14000, Y-1500, Z-2800.<br \/> 2,5 \u00b0 t\u00eate automatique<\/li>\n<li><strong>Fraiseuse Soraluce<\/strong> FS14000<br \/> X-14000, Y-1500, Z-2800.<br \/> 2,5 \u00b0 t\u00eate automatique<\/li>\n<li><strong>Fraiseuse ZAYER<\/strong> 30KCU 10000<br \/> X-10000, Y-1250, Z-2000.<br \/> T\u00eate automatique 360 000 positions.<\/li>\n<li><strong>Fraiseuse ZAYER<\/strong> 30KCU 8000<br \/> X-8000, Y-1250, Z-3000.<br \/> T\u00eate automatique 360 000 positions.<br \/> Double table tournante 2000&#215;1700<\/li>\n<li><strong>Centre d\u2019usinage Ibarmia<\/strong> ZVH58\/L4000<br \/> Extreme X-4000, Y-1000, Z-1100<br \/> T\u00eate de pendule. Diviseur int\u00e9gr\u00e9<\/li>\n<\/ul>\n<p>[\/et_pb_text][\/et_pb_column][et_pb_column type=\u00a0\u00bb1_2&Prime; _builder_version=\u00a0\u00bb3.0.47&Prime;][et_pb_image src=\u00a0\u00bbhttp:\/\/fanjulyasociados.es\/ingoal\/wp-content\/uploads\/sites\/61\/2019\/04\/ingoal-IMG_0100.jpg\u00a0\u00bb _builder_version=\u00a0\u00bb3.22.1&Prime;][\/et_pb_image][et_pb_image src=\u00a0\u00bbhttp:\/\/fanjulyasociados.es\/ingoal\/wp-content\/uploads\/sites\/61\/2019\/04\/ingoal-IMG_0448.jpg\u00a0\u00bb _builder_version=\u00a0\u00bb3.22.1&Prime;][\/et_pb_image][\/et_pb_column][\/et_pb_row][et_pb_row custom_padding=\u00a0\u00bb40px||0px|\u00a0\u00bb admin_label=\u00a0\u00bbrow\u00a0\u00bb _builder_version=\u00a0\u00bb3.22.3&Prime; background_size=\u00a0\u00bbinitial\u00a0\u00bb background_position=\u00a0\u00bbtop_left\u00a0\u00bb background_repeat=\u00a0\u00bbrepeat\u00a0\u00bb][et_pb_column type=\u00a0\u00bb4_4&Prime; _builder_version=\u00a0\u00bb3.0.47&Prime;][et_pb_gallery gallery_ids=\u00a0\u00bb292,291,289,288&Prime; orientation=\u00a0\u00bbportrait\u00a0\u00bb show_title_and_caption=\u00a0\u00bboff\u00a0\u00bb show_pagination=\u00a0\u00bboff\u00a0\u00bb hover_overlay_color=\u00a0\u00bbrgba(0,0,0,0.17)\u00a0\u00bb hover_icon=\u00a0\u00bb%%15%%\u00a0\u00bb _builder_version=\u00a0\u00bb3.0.47&Prime;]<\/p>\n<p>[\/et_pb_gallery][\/et_pb_column][\/et_pb_row][\/et_pb_section][et_pb_section fb_built=\u00a0\u00bb1&Prime; admin_label=\u00a0\u00bbsection\u00a0\u00bb _builder_version=\u00a0\u00bb3.22.5&Prime; background_color=\u00a0\u00bb#eaeaea\u00a0\u00bb background_size=\u00a0\u00bbinitial\u00a0\u00bb background_position=\u00a0\u00bbtop_left\u00a0\u00bb custom_padding=\u00a0\u00bb20px|0px|20px|0px\u00a0\u00bb custom_css_main_element=\u00a0\u00bbbackground-color: rgba(0,0,0,0.46)!important;\u00a0\u00bb global_module=\u00a0\u00bb237&Prime;][et_pb_row custom_padding=\u00a0\u00bb||0||false|false\u00a0\u00bb custom_margin=\u00a0\u00bb||\u00a0\u00bb padding_bottom_1=\u00a0\u00bb0px\u00a0\u00bb admin_label=\u00a0\u00bbrow\u00a0\u00bb _builder_version=\u00a0\u00bb3.22.4&Prime; background_size=\u00a0\u00bbinitial\u00a0\u00bb background_position=\u00a0\u00bbtop_left\u00a0\u00bb background_repeat=\u00a0\u00bbrepeat\u00a0\u00bb custom_margin_tablet=\u00a0\u00bb||0px\u00a0\u00bb custom_margin_phone=\u00a0\u00bb||0px\u00a0\u00bb custom_margin_last_edited=\u00a0\u00bbon|tablet\u00a0\u00bb][et_pb_column type=\u00a0\u00bb1_3&Prime; _builder_version=\u00a0\u00bb3.0.47&Prime;][et_pb_image src=\u00a0\u00bbhttp:\/\/fanjulyasociados.es\/ingoal\/wp-content\/uploads\/sites\/61\/2019\/05\/LOGO-INGOAL-RED.png\u00a0\u00bb always_center_on_mobile=\u00a0\u00bboff\u00a0\u00bb _builder_version=\u00a0\u00bb3.22.5&Prime; max_width=\u00a0\u00bb120px\u00a0\u00bb animation_direction=\u00a0\u00bbleft\u00a0\u00bb][\/et_pb_image][\/et_pb_column][et_pb_column type=\u00a0\u00bb1_3&Prime; _builder_version=\u00a0\u00bb3.0.47&Prime;][\/et_pb_column][et_pb_column type=\u00a0\u00bb1_3&Prime; _builder_version=\u00a0\u00bb3.0.47&Prime;][\/et_pb_column][\/et_pb_row][et_pb_row use_custom_gutter=\u00a0\u00bbon\u00a0\u00bb gutter_width=\u00a0\u00bb2&Prime; admin_label=\u00a0\u00bbrow\u00a0\u00bb _builder_version=\u00a0\u00bb3.22.3&Prime; background_size=\u00a0\u00bbinitial\u00a0\u00bb background_position=\u00a0\u00bbtop_left\u00a0\u00bb background_repeat=\u00a0\u00bbrepeat\u00a0\u00bb][et_pb_column type=\u00a0\u00bb1_3&Prime; _builder_version=\u00a0\u00bb3.0.47&Prime;][et_pb_text ul_type=\u00a0\u00bbsquare\u00a0\u00bb ul_item_indent=\u00a0\u00bb17px\u00a0\u00bb _builder_version=\u00a0\u00bb3.22.5&Prime; text_font=\u00a0\u00bbAbel|300||on|||||\u00a0\u00bb text_text_color=\u00a0\u00bb#000000&Prime; ul_font=\u00a0\u00bb||||||||\u00a0\u00bb ul_font_size=\u00a0\u00bb15px\u00a0\u00bb header_font=\u00a0\u00bb||||||||\u00a0\u00bb background_size=\u00a0\u00bbinitial\u00a0\u00bb background_position=\u00a0\u00bbtop_left\u00a0\u00bb background_repeat=\u00a0\u00bbrepeat\u00a0\u00bb]<\/p>\n<ul>\n<li>COUPAGE ET FORMAGE<\/li>\n<li>EMBOUTISSAGE<\/li>\n<li>CHAUDRONNERIE ET SOUDAGE<\/li>\n<li>Traitements thermiques.<\/li>\n<li>Usinage en s\u00e9rie.<\/li>\n<li>USINAGE DE GRANDES PI\u00c8CES<\/li>\n<li>GRENAILLAGE, PEINTURE ET M\u00c9TALLISATION<\/li>\n<li>MONTAGE ET AJUSTEMENT<\/li>\n<\/ul>\n<p>[\/et_pb_text][\/et_pb_column][et_pb_column type=\u00a0\u00bb1_3&Prime; _builder_version=\u00a0\u00bb3.0.47&Prime;][et_pb_blurb title=\u00a0\u00bbAdresse\u00a0\u00bb use_icon=\u00a0\u00bbon\u00a0\u00bb font_icon=\u00a0\u00bb%%122%%\u00a0\u00bb icon_color=\u00a0\u00bb#ffffff\u00a0\u00bb use_circle=\u00a0\u00bbon\u00a0\u00bb use_circle_border=\u00a0\u00bbon\u00a0\u00bb circle_border_color=\u00a0\u00bb#ffffff\u00a0\u00bb icon_placement=\u00a0\u00bbleft\u00a0\u00bb content_max_width=\u00a0\u00bb100%\u00a0\u00bb use_icon_font_size=\u00a0\u00bbon\u00a0\u00bb icon_font_size=\u00a0\u00bb20px\u00a0\u00bb _builder_version=\u00a0\u00bb3.22.5&Prime; header_level=\u00a0\u00bbh5&Prime; header_font=\u00a0\u00bbOswald|300|||||||\u00a0\u00bb header_font_size=\u00a0\u00bb16px\u00a0\u00bb header_line_height=\u00a0\u00bb2.2em\u00a0\u00bb body_font=\u00a0\u00bb||||||||\u00a0\u00bb body_font_size=\u00a0\u00bb14px\u00a0\u00bb background_size=\u00a0\u00bbinitial\u00a0\u00bb background_position=\u00a0\u00bbtop_left\u00a0\u00bb background_repeat=\u00a0\u00bbrepeat\u00a0\u00bb link_option_url=\u00a0\u00bbhttp:\/\/fanjulyasociados.es\/ingoal\/contacto\/#mapa\u00a0\u00bb custom_css_blurb_title=\u00a0\u00bbfont-weight: 500!important;\u00a0\u00bb]<\/p>\n<p>secteur d&rsquo;activit\u00e9 Lloreda<br \/> Avda. de la Econom\u00eda social, 1190<br \/> 33211 Gij\u00f3n, Asturias-Espagne<\/p>\n<p>[\/et_pb_blurb][\/et_pb_column][et_pb_column type=\u00a0\u00bb1_3&Prime; _builder_version=\u00a0\u00bb3.0.47&Prime;][et_pb_blurb title=\u00a0\u00bbT\u00e9l\u00e9phone\u00a0\u00bb use_icon=\u00a0\u00bbon\u00a0\u00bb font_icon=\u00a0\u00bb%%264%%\u00a0\u00bb icon_color=\u00a0\u00bb#ffffff\u00a0\u00bb use_circle=\u00a0\u00bbon\u00a0\u00bb use_circle_border=\u00a0\u00bbon\u00a0\u00bb circle_border_color=\u00a0\u00bb#ffffff\u00a0\u00bb icon_placement=\u00a0\u00bbleft\u00a0\u00bb content_max_width=\u00a0\u00bb100%\u00a0\u00bb use_icon_font_size=\u00a0\u00bbon\u00a0\u00bb icon_font_size=\u00a0\u00bb20px\u00a0\u00bb _builder_version=\u00a0\u00bb3.22.5&Prime; header_level=\u00a0\u00bbh5&Prime; header_font=\u00a0\u00bb|300|||||||\u00a0\u00bb header_font_size=\u00a0\u00bb16px\u00a0\u00bb header_line_height=\u00a0\u00bb2.2em\u00a0\u00bb body_font=\u00a0\u00bb||||||||\u00a0\u00bb body_font_size=\u00a0\u00bb14px\u00a0\u00bb background_size=\u00a0\u00bbinitial\u00a0\u00bb background_position=\u00a0\u00bbtop_left\u00a0\u00bb background_repeat=\u00a0\u00bbrepeat\u00a0\u00bb link_option_url=\u00a0\u00bbT\u00e9l: + 34985303770&Prime; custom_css_blurb_title=\u00a0\u00bbfont-weight: 500!important;\u00a0\u00bb]<\/p>\n<p>+34 985 303 770<\/p>\n<p>[\/et_pb_blurb][et_pb_blurb title=\u00a0\u00bbfax\u00a0\u00bb use_icon=\u00a0\u00bbon\u00a0\u00bb font_icon=\u00a0\u00bb%%142%%\u00a0\u00bb icon_color=\u00a0\u00bb#ffffff\u00a0\u00bb use_circle=\u00a0\u00bbon\u00a0\u00bb use_circle_border=\u00a0\u00bbon\u00a0\u00bb circle_border_color=\u00a0\u00bb#ffffff\u00a0\u00bb icon_placement=\u00a0\u00bbleft\u00a0\u00bb content_max_width=\u00a0\u00bb100%\u00a0\u00bb use_icon_font_size=\u00a0\u00bbon\u00a0\u00bb icon_font_size=\u00a0\u00bb20px\u00a0\u00bb _builder_version=\u00a0\u00bb3.22.5&Prime; header_level=\u00a0\u00bbh5&Prime; header_font=\u00a0\u00bb|300|||||||\u00a0\u00bb header_font_size=\u00a0\u00bb16px\u00a0\u00bb header_line_height=\u00a0\u00bb2.2em\u00a0\u00bb body_font=\u00a0\u00bb||||||||\u00a0\u00bb body_font_size=\u00a0\u00bb14px\u00a0\u00bb background_size=\u00a0\u00bbinitial\u00a0\u00bb background_position=\u00a0\u00bbtop_left\u00a0\u00bb background_repeat=\u00a0\u00bbrepeat\u00a0\u00bb link_option_url=\u00a0\u00bbT\u00e9l: + 34985303784&Prime; custom_css_blurb_title=\u00a0\u00bbfont-weight: 500!important;\u00a0\u00bb]<\/p>\n<p>+34 985 303 784<\/p>\n<p>[\/et_pb_blurb][et_pb_blurb title=\u00a0\u00bbemail\u00a0\u00bb use_icon=\u00a0\u00bbon\u00a0\u00bb font_icon=\u00a0\u00bb%%109%%\u00a0\u00bb icon_color=\u00a0\u00bb#ffffff\u00a0\u00bb use_circle=\u00a0\u00bbon\u00a0\u00bb use_circle_border=\u00a0\u00bbon\u00a0\u00bb circle_border_color=\u00a0\u00bb#ffffff\u00a0\u00bb icon_placement=\u00a0\u00bbleft\u00a0\u00bb content_max_width=\u00a0\u00bb100%\u00a0\u00bb use_icon_font_size=\u00a0\u00bbon\u00a0\u00bb icon_font_size=\u00a0\u00bb20px\u00a0\u00bb _builder_version=\u00a0\u00bb3.22.5&Prime; header_level=\u00a0\u00bbh5&Prime; header_font=\u00a0\u00bb|300|||||||\u00a0\u00bb header_font_size=\u00a0\u00bb16px\u00a0\u00bb header_line_height=\u00a0\u00bb2.2em\u00a0\u00bb body_font=\u00a0\u00bb||||||||\u00a0\u00bb body_font_size=\u00a0\u00bb14px\u00a0\u00bb background_size=\u00a0\u00bbinitial\u00a0\u00bb background_position=\u00a0\u00bbtop_left\u00a0\u00bb background_repeat=\u00a0\u00bbrepeat\u00a0\u00bb link_option_url=\u00a0\u00bbmailto:ingoal@ingoal.es\u00a0\u00bb custom_css_blurb_title=\u00a0\u00bbfont-weight: 500!important;\u00a0\u00bb]<\/p>\n<p>ingoal@ingoal.es<\/p>\n<p>[\/et_pb_blurb][\/et_pb_column][\/et_pb_row][\/et_pb_section]<\/p>\n","protected":false},"excerpt":{"rendered":"<p>USINAGE DE GRANDES PI\u00c8CES Fraiseuse ZAYER 30KCU 14000 X-14000, Y-1500, Z-3000. T\u00eate automatique 360 000 positions. 2000&#215;2000 table tournante Fraiseuse Soraluce FS14000 X-14000, Y-1500, Z-2800. 2,5 \u00b0 t\u00eate automatique Fraiseuse Soraluce FS14000 X-14000, Y-1500, Z-2800. 2,5 \u00b0 t\u00eate automatique Fraiseuse ZAYER 30KCU 10000 X-10000, Y-1250, Z-2000. T\u00eate automatique 360 000 positions. Fraiseuse ZAYER 30KCU 8000 [&hellip;]<\/p>\n","protected":false},"author":1,"featured_media":0,"parent":0,"menu_order":15,"comment_status":"closed","ping_status":"closed","template":"","meta":{"_et_pb_use_builder":"on","_et_pb_old_content":"","_et_gb_content_width":"","footnotes":""},"class_list":["post-2055","page","type-page","status-publish","hentry"],"_links":{"self":[{"href":"https:\/\/ingoal.es\/fr\/wp-json\/wp\/v2\/pages\/2055"}],"collection":[{"href":"https:\/\/ingoal.es\/fr\/wp-json\/wp\/v2\/pages"}],"about":[{"href":"https:\/\/ingoal.es\/fr\/wp-json\/wp\/v2\/types\/page"}],"author":[{"embeddable":true,"href":"https:\/\/ingoal.es\/fr\/wp-json\/wp\/v2\/users\/1"}],"replies":[{"embeddable":true,"href":"https:\/\/ingoal.es\/fr\/wp-json\/wp\/v2\/comments?post=2055"}],"version-history":[{"count":4,"href":"https:\/\/ingoal.es\/fr\/wp-json\/wp\/v2\/pages\/2055\/revisions"}],"predecessor-version":[{"id":2312,"href":"https:\/\/ingoal.es\/fr\/wp-json\/wp\/v2\/pages\/2055\/revisions\/2312"}],"wp:attachment":[{"href":"https:\/\/ingoal.es\/fr\/wp-json\/wp\/v2\/media?parent=2055"}],"curies":[{"name":"wp","href":"https:\/\/api.w.org\/{rel}","templated":true}]}}