{"id":2049,"date":"2019-05-30T18:36:59","date_gmt":"2019-05-30T16:36:59","guid":{"rendered":"http:\/\/ingoal.es\/traitements-thermiques\/"},"modified":"2019-08-13T10:09:08","modified_gmt":"2019-08-13T08:09:08","slug":"traitements-thermiques","status":"publish","type":"page","link":"https:\/\/ingoal.es\/fr\/traitements-thermiques\/","title":{"rendered":"TRAITEMENTS THERMIQUES"},"content":{"rendered":"<p>[et_pb_section fb_built=\u00a0\u00bb1&Prime; fullwidth=\u00a0\u00bbon\u00a0\u00bb admin_label=\u00a0\u00bbsection\u00a0\u00bb _builder_version=\u00a0\u00bb3.22.3&Prime; background_color=\u00a0\u00bb#000000&Prime;][et_pb_fullwidth_image src=\u00a0\u00bbhttp:\/\/fanjulyasociados.es\/ingoal\/wp-content\/uploads\/sites\/61\/2019\/04\/ingoal-GO_MTL_10-2.jpg\u00a0\u00bb _builder_version=\u00a0\u00bb3.22.4&Prime; animation_style=\u00a0\u00bbslide\u00a0\u00bb animation_direction=\u00a0\u00bbtop\u00a0\u00bb animation_duration=\u00a0\u00bb500ms\u00a0\u00bb animation_intensity_slide=\u00a0\u00bb10%\u00a0\u00bb custom_css_main_element=\u00a0\u00bbmax-height: 60vh;||overflow: hidden;||display: flex; ||flex-direction: column; ||justify-content: center;\u00a0\u00bb animation=\u00a0\u00bbtop\u00a0\u00bb]<\/p>\n<p>[\/et_pb_fullwidth_image][\/et_pb_section][et_pb_section fb_built=\u00a0\u00bb1&Prime; admin_label=\u00a0\u00bbsection\u00a0\u00bb _builder_version=\u00a0\u00bb3.22.5&Prime; background_color=\u00a0\u00bb#000000&Prime; custom_padding=\u00a0\u00bb54px|0px|29px|0px||\u00a0\u00bb background_image=\u00a0\u00bbhttp:\/\/ingoal.es\/wp-content\/uploads\/2019\/08\/2269web.jpg\u00a0\u00bb use_background_color_gradient=\u00a0\u00bbon\u00a0\u00bb background_color_gradient_start=\u00a0\u00bbrgba(0,0,0,0.52)\u00a0\u00bb background_color_gradient_end=\u00a0\u00bbrgba(0,0,0,0.81)\u00a0\u00bb background_color_gradient_overlays_image=\u00a0\u00bbon\u00a0\u00bb][et_pb_row custom_padding=\u00a0\u00bb10px||10px|\u00a0\u00bb admin_label=\u00a0\u00bbrow\u00a0\u00bb _builder_version=\u00a0\u00bb3.22.3&Prime; background_size=\u00a0\u00bbinitial\u00a0\u00bb background_position=\u00a0\u00bbtop_left\u00a0\u00bb background_repeat=\u00a0\u00bbrepeat\u00a0\u00bb][et_pb_column type=\u00a0\u00bb1_2&Prime; _builder_version=\u00a0\u00bb3.0.47&Prime;][et_pb_text _builder_version=\u00a0\u00bb3.22.5&Prime; text_font=\u00a0\u00bb||||||||\u00a0\u00bb header_font=\u00a0\u00bbOswald||||||||\u00a0\u00bb header_font_size=\u00a0\u00bb60px\u00a0\u00bb header_line_height=\u00a0\u00bb1.3em\u00a0\u00bb background_layout=\u00a0\u00bbdark\u00a0\u00bb]<\/p>\n<h1>TRAITEMENTS THERMIQUES<\/h1>\n<p>[\/et_pb_text][et_pb_text _builder_version=\u00a0\u00bb3.22.5&Prime; header_font=\u00a0\u00bbAbel||||\u00a0\u00bb header_font_size=\u00a0\u00bb35px\u00a0\u00bb background_size=\u00a0\u00bbinitial\u00a0\u00bb background_position=\u00a0\u00bbtop_left\u00a0\u00bb background_repeat=\u00a0\u00bbrepeat\u00a0\u00bb background_layout=\u00a0\u00bbdark\u00a0\u00bb]<\/p>\n<p style=\"text-align: left\">Nous poss\u00e9dons une large gamme de fours fixes. En particulier, nous avons un four pour normalisation de pi\u00e8ces et structures (longueur 15,8m. Largeur 5,8m. Hauteur 4m.).<\/p>\n<p style=\"text-align: left\">Tous nos fours sont \u00e9quip\u00e9s de programmateur, enregistreur et thermocouples, d\u00fbment calibr\u00e9s par des laboratoires accr\u00e9dit\u00e9s selon ENAC.<\/p>\n<p style=\"text-align: left\">Le nombre de thermocouples utilis\u00e9s d\u00e9pendra des exigences indiqu\u00e9es par nos clients. \u00c0 partir d&rsquo;une configuration standard de 6 thermocouples, jusqu&rsquo;\u00e0 un maximum de 24 thermocouples.<\/p>\n<p>[\/et_pb_text][\/et_pb_column][et_pb_column type=\u00a0\u00bb1_2&Prime; _builder_version=\u00a0\u00bb3.0.47&Prime;][et_pb_image src=\u00a0\u00bbhttp:\/\/fanjulyasociados.es\/ingoal\/wp-content\/uploads\/sites\/61\/2019\/04\/ingoal-IMG_9372.jpg\u00a0\u00bb _builder_version=\u00a0\u00bb3.22.4&Prime;][\/et_pb_image][\/et_pb_column][\/et_pb_row][et_pb_row use_custom_gutter=\u00a0\u00bbon\u00a0\u00bb gutter_width=\u00a0\u00bb2&Prime; _builder_version=\u00a0\u00bb3.22.4&Prime;][et_pb_column type=\u00a0\u00bb1_3&Prime; _builder_version=\u00a0\u00bb3.22.1&Prime;][et_pb_image src=\u00a0\u00bbhttp:\/\/fanjulyasociados.es\/ingoal\/wp-content\/uploads\/sites\/61\/2019\/04\/ingoal-GO_HF_03-2-1.jpg\u00a0\u00bb _builder_version=\u00a0\u00bb3.22.1&Prime;][\/et_pb_image][\/et_pb_column][et_pb_column type=\u00a0\u00bb1_3&Prime; _builder_version=\u00a0\u00bb3.22.1&Prime;][et_pb_image src=\u00a0\u00bbhttp:\/\/fanjulyasociados.es\/ingoal\/wp-content\/uploads\/sites\/61\/2019\/04\/ingoal-GO_HF_10.jpg\u00a0\u00bb _builder_version=\u00a0\u00bb3.22.4&Prime;][\/et_pb_image][\/et_pb_column][et_pb_column type=\u00a0\u00bb1_3&Prime; _builder_version=\u00a0\u00bb3.22.1&Prime;][et_pb_image src=\u00a0\u00bbhttp:\/\/fanjulyasociados.es\/ingoal\/wp-content\/uploads\/sites\/61\/2019\/04\/ingoal-GO_HF_01-e1556097764970.jpg\u00a0\u00bb _builder_version=\u00a0\u00bb3.22.4&Prime;][\/et_pb_image][\/et_pb_column][\/et_pb_row][et_pb_row _builder_version=\u00a0\u00bb3.22.3&Prime;][et_pb_column type=\u00a0\u00bb4_4&Prime; _builder_version=\u00a0\u00bb3.22.1&Prime;][et_pb_text _builder_version=\u00a0\u00bb3.22.5&Prime; text_font=\u00a0\u00bb||||||||\u00a0\u00bb text_font_size=\u00a0\u00bb15px\u00a0\u00bb header_font=\u00a0\u00bbAbel||||\u00a0\u00bb header_font_size=\u00a0\u00bb35px\u00a0\u00bb header_2_font=\u00a0\u00bbOswald||||||||\u00a0\u00bb header_2_text_color=\u00a0\u00bb#ed4441&Prime; header_2_font_size=\u00a0\u00bb18px\u00a0\u00bb background_size=\u00a0\u00bbinitial\u00a0\u00bb background_position=\u00a0\u00bbtop_left\u00a0\u00bb background_repeat=\u00a0\u00bbrepeat\u00a0\u00bb background_layout=\u00a0\u00bbdark\u00a0\u00bb]<\/p>\n<h2><strong>DANS NOS INSTALLATIONS NOUS DISPOSSONS DE:<\/strong><\/h2>\n<table style=\"width: 100%\">\n<tbody>\n<tr style=\"background-color: #1f1f1f\">\n<td style=\"width: 30%\">FOURS<\/td>\n<td style=\"width: 30%;text-align: left\">DIMENSIONS<\/BR>longueur x largeur x hauteur<\/td>\n<\/td>\n<td style=\"width: 30%;text-align: left\">TEMP\u00c9RATURE MAX.<\/td>\n<td style=\"width: 10%;text-align: left\">ENTR\u00c9ES D\u2019AIR<\/td>\n<\/tr>\n<tr>\n<td style=\"width: 30%\">Fours fixes<\/td>\n<td style=\"width: 30%;text-align: right\">\n<p>4,5 x 2 x 2,25 m<\/p>\n<p>10 x 4,7 x 3,1 m<\/p>\n<\/td>\n<td style=\"width: 30%;text-align: right\">\n<p>650 \u00ba C<\/p>\n<p>750 \u00ba C<\/p>\n<\/td>\n<td style=\"width: 10%;text-align: right\">\n<p>2<\/p>\n<p>4<\/p>\n<\/td>\n<\/tr>\n<tr>\n<td style=\"width: 187px\">Fours fixes de normalisation<\/td>\n<td style=\"width: 176px;text-align: left\">15,8 x 5,8 x 4 m<\/td>\n<td style=\"width: 32px;text-align: left\">1 150 \u00ba C<\/td>\n<td style=\"width: 28px;text-align: right\"><\/td>\n<\/tr>\n<tr>\n<td style=\"width: 187px\">Fours mobiles<\/td>\n<td style=\"width: 176px;text-align: right\">\n<p>15,8 x 5,8 x 4 m<\/p>\n<p>9 x 12,5 x 4,5 m<\/p>\n<p>13,5 x 4 x 2,1 m<\/p>\n<\/td>\n<td style=\"width: 32px;text-align: right\">\n<p>800 \u00ba C<\/p>\n<p>800 \u00ba C<\/p>\n<p>800 \u00ba C<\/p>\n<\/td>\n<td style=\"width: 28px;text-align: right\">\n<p>8<\/p>\n<p>8<\/p>\n<p>8<\/p>\n<\/td>\n<\/tr>\n<\/tbody>\n<\/table>\n<p>[\/et_pb_text][\/et_pb_column][\/et_pb_row][\/et_pb_section][et_pb_section fb_built=\u00a0\u00bb1&Prime; admin_label=\u00a0\u00bbsection\u00a0\u00bb _builder_version=\u00a0\u00bb3.22.5&Prime; background_color=\u00a0\u00bb#eaeaea\u00a0\u00bb background_size=\u00a0\u00bbinitial\u00a0\u00bb background_position=\u00a0\u00bbtop_left\u00a0\u00bb custom_padding=\u00a0\u00bb20px|0px|20px|0px\u00a0\u00bb custom_css_main_element=\u00a0\u00bbbackground-color: rgba(0,0,0,0.46)!important;\u00a0\u00bb global_module=\u00a0\u00bb237&Prime;][et_pb_row custom_padding=\u00a0\u00bb||0||false|false\u00a0\u00bb custom_margin=\u00a0\u00bb||\u00a0\u00bb padding_bottom_1=\u00a0\u00bb0px\u00a0\u00bb admin_label=\u00a0\u00bbrow\u00a0\u00bb _builder_version=\u00a0\u00bb3.22.4&Prime; background_size=\u00a0\u00bbinitial\u00a0\u00bb background_position=\u00a0\u00bbtop_left\u00a0\u00bb background_repeat=\u00a0\u00bbrepeat\u00a0\u00bb custom_margin_tablet=\u00a0\u00bb||0px\u00a0\u00bb custom_margin_phone=\u00a0\u00bb||0px\u00a0\u00bb custom_margin_last_edited=\u00a0\u00bbon|tablet\u00a0\u00bb][et_pb_column type=\u00a0\u00bb1_3&Prime; _builder_version=\u00a0\u00bb3.0.47&Prime;][et_pb_image src=\u00a0\u00bbhttp:\/\/fanjulyasociados.es\/ingoal\/wp-content\/uploads\/sites\/61\/2019\/05\/LOGO-INGOAL-RED.png\u00a0\u00bb always_center_on_mobile=\u00a0\u00bboff\u00a0\u00bb _builder_version=\u00a0\u00bb3.22.5&Prime; max_width=\u00a0\u00bb120px\u00a0\u00bb animation_direction=\u00a0\u00bbleft\u00a0\u00bb][\/et_pb_image][\/et_pb_column][et_pb_column type=\u00a0\u00bb1_3&Prime; _builder_version=\u00a0\u00bb3.0.47&Prime;][\/et_pb_column][et_pb_column type=\u00a0\u00bb1_3&Prime; _builder_version=\u00a0\u00bb3.0.47&Prime;][\/et_pb_column][\/et_pb_row][et_pb_row use_custom_gutter=\u00a0\u00bbon\u00a0\u00bb gutter_width=\u00a0\u00bb2&Prime; admin_label=\u00a0\u00bbrow\u00a0\u00bb _builder_version=\u00a0\u00bb3.22.3&Prime; background_size=\u00a0\u00bbinitial\u00a0\u00bb background_position=\u00a0\u00bbtop_left\u00a0\u00bb background_repeat=\u00a0\u00bbrepeat\u00a0\u00bb][et_pb_column type=\u00a0\u00bb1_3&Prime; _builder_version=\u00a0\u00bb3.0.47&Prime;][et_pb_text ul_type=\u00a0\u00bbsquare\u00a0\u00bb ul_item_indent=\u00a0\u00bb17px\u00a0\u00bb _builder_version=\u00a0\u00bb3.22.5&Prime; text_font=\u00a0\u00bbAbel|300||on|||||\u00a0\u00bb text_text_color=\u00a0\u00bb#000000&Prime; ul_font=\u00a0\u00bb||||||||\u00a0\u00bb ul_font_size=\u00a0\u00bb15px\u00a0\u00bb header_font=\u00a0\u00bb||||||||\u00a0\u00bb background_size=\u00a0\u00bbinitial\u00a0\u00bb background_position=\u00a0\u00bbtop_left\u00a0\u00bb background_repeat=\u00a0\u00bbrepeat\u00a0\u00bb]<\/p>\n<ul>\n<li>COUPAGE ET FORMAGE<\/li>\n<li>EMBOUTISSAGE<\/li>\n<li>CHAUDRONNERIE ET SOUDAGE<\/li>\n<li>Traitements thermiques.<\/li>\n<li>Usinage en s\u00e9rie.<\/li>\n<li>USINAGE DE GRANDES PI\u00c8CES<\/li>\n<li>GRENAILLAGE, PEINTURE ET M\u00c9TALLISATION<\/li>\n<li>MONTAGE ET AJUSTEMENT<\/li>\n<\/ul>\n<p>[\/et_pb_text][\/et_pb_column][et_pb_column type=\u00a0\u00bb1_3&Prime; _builder_version=\u00a0\u00bb3.0.47&Prime;][et_pb_blurb title=\u00a0\u00bbAdresse\u00a0\u00bb use_icon=\u00a0\u00bbon\u00a0\u00bb font_icon=\u00a0\u00bb%%122%%\u00a0\u00bb icon_color=\u00a0\u00bb#ffffff\u00a0\u00bb use_circle=\u00a0\u00bbon\u00a0\u00bb use_circle_border=\u00a0\u00bbon\u00a0\u00bb circle_border_color=\u00a0\u00bb#ffffff\u00a0\u00bb icon_placement=\u00a0\u00bbleft\u00a0\u00bb content_max_width=\u00a0\u00bb100%\u00a0\u00bb use_icon_font_size=\u00a0\u00bbon\u00a0\u00bb icon_font_size=\u00a0\u00bb20px\u00a0\u00bb _builder_version=\u00a0\u00bb3.22.5&Prime; header_level=\u00a0\u00bbh5&Prime; header_font=\u00a0\u00bbOswald|300|||||||\u00a0\u00bb header_font_size=\u00a0\u00bb16px\u00a0\u00bb header_line_height=\u00a0\u00bb2.2em\u00a0\u00bb body_font=\u00a0\u00bb||||||||\u00a0\u00bb body_font_size=\u00a0\u00bb14px\u00a0\u00bb background_size=\u00a0\u00bbinitial\u00a0\u00bb background_position=\u00a0\u00bbtop_left\u00a0\u00bb background_repeat=\u00a0\u00bbrepeat\u00a0\u00bb link_option_url=\u00a0\u00bbhttp:\/\/fanjulyasociados.es\/ingoal\/contacto\/#mapa\u00a0\u00bb custom_css_blurb_title=\u00a0\u00bbfont-weight: 500!important;\u00a0\u00bb]<\/p>\n<p>secteur d&rsquo;activit\u00e9 Lloreda<br \/> Avda. de la Econom\u00eda social, 1190<br \/> 33211 Gij\u00f3n, Asturias-Espagne<\/p>\n<p>[\/et_pb_blurb][\/et_pb_column][et_pb_column type=\u00a0\u00bb1_3&Prime; _builder_version=\u00a0\u00bb3.0.47&Prime;][et_pb_blurb title=\u00a0\u00bbT\u00e9l\u00e9phone\u00a0\u00bb use_icon=\u00a0\u00bbon\u00a0\u00bb font_icon=\u00a0\u00bb%%264%%\u00a0\u00bb icon_color=\u00a0\u00bb#ffffff\u00a0\u00bb use_circle=\u00a0\u00bbon\u00a0\u00bb use_circle_border=\u00a0\u00bbon\u00a0\u00bb circle_border_color=\u00a0\u00bb#ffffff\u00a0\u00bb icon_placement=\u00a0\u00bbleft\u00a0\u00bb content_max_width=\u00a0\u00bb100%\u00a0\u00bb use_icon_font_size=\u00a0\u00bbon\u00a0\u00bb icon_font_size=\u00a0\u00bb20px\u00a0\u00bb _builder_version=\u00a0\u00bb3.22.5&Prime; header_level=\u00a0\u00bbh5&Prime; header_font=\u00a0\u00bb|300|||||||\u00a0\u00bb header_font_size=\u00a0\u00bb16px\u00a0\u00bb header_line_height=\u00a0\u00bb2.2em\u00a0\u00bb body_font=\u00a0\u00bb||||||||\u00a0\u00bb body_font_size=\u00a0\u00bb14px\u00a0\u00bb background_size=\u00a0\u00bbinitial\u00a0\u00bb background_position=\u00a0\u00bbtop_left\u00a0\u00bb background_repeat=\u00a0\u00bbrepeat\u00a0\u00bb link_option_url=\u00a0\u00bbT\u00e9l: + 34985303770&Prime; custom_css_blurb_title=\u00a0\u00bbfont-weight: 500!important;\u00a0\u00bb]<\/p>\n<p>+34 985 303 770<\/p>\n<p>[\/et_pb_blurb][et_pb_blurb title=\u00a0\u00bbfax\u00a0\u00bb use_icon=\u00a0\u00bbon\u00a0\u00bb font_icon=\u00a0\u00bb%%142%%\u00a0\u00bb icon_color=\u00a0\u00bb#ffffff\u00a0\u00bb use_circle=\u00a0\u00bbon\u00a0\u00bb use_circle_border=\u00a0\u00bbon\u00a0\u00bb circle_border_color=\u00a0\u00bb#ffffff\u00a0\u00bb icon_placement=\u00a0\u00bbleft\u00a0\u00bb content_max_width=\u00a0\u00bb100%\u00a0\u00bb use_icon_font_size=\u00a0\u00bbon\u00a0\u00bb icon_font_size=\u00a0\u00bb20px\u00a0\u00bb _builder_version=\u00a0\u00bb3.22.5&Prime; header_level=\u00a0\u00bbh5&Prime; header_font=\u00a0\u00bb|300|||||||\u00a0\u00bb header_font_size=\u00a0\u00bb16px\u00a0\u00bb header_line_height=\u00a0\u00bb2.2em\u00a0\u00bb body_font=\u00a0\u00bb||||||||\u00a0\u00bb body_font_size=\u00a0\u00bb14px\u00a0\u00bb background_size=\u00a0\u00bbinitial\u00a0\u00bb background_position=\u00a0\u00bbtop_left\u00a0\u00bb background_repeat=\u00a0\u00bbrepeat\u00a0\u00bb link_option_url=\u00a0\u00bbT\u00e9l: + 34985303784&Prime; custom_css_blurb_title=\u00a0\u00bbfont-weight: 500!important;\u00a0\u00bb]<\/p>\n<p>+34 985 303 784<\/p>\n<p>[\/et_pb_blurb][et_pb_blurb title=\u00a0\u00bbemail\u00a0\u00bb use_icon=\u00a0\u00bbon\u00a0\u00bb font_icon=\u00a0\u00bb%%109%%\u00a0\u00bb icon_color=\u00a0\u00bb#ffffff\u00a0\u00bb use_circle=\u00a0\u00bbon\u00a0\u00bb use_circle_border=\u00a0\u00bbon\u00a0\u00bb circle_border_color=\u00a0\u00bb#ffffff\u00a0\u00bb icon_placement=\u00a0\u00bbleft\u00a0\u00bb content_max_width=\u00a0\u00bb100%\u00a0\u00bb use_icon_font_size=\u00a0\u00bbon\u00a0\u00bb icon_font_size=\u00a0\u00bb20px\u00a0\u00bb _builder_version=\u00a0\u00bb3.22.5&Prime; header_level=\u00a0\u00bbh5&Prime; header_font=\u00a0\u00bb|300|||||||\u00a0\u00bb header_font_size=\u00a0\u00bb16px\u00a0\u00bb header_line_height=\u00a0\u00bb2.2em\u00a0\u00bb body_font=\u00a0\u00bb||||||||\u00a0\u00bb body_font_size=\u00a0\u00bb14px\u00a0\u00bb background_size=\u00a0\u00bbinitial\u00a0\u00bb background_position=\u00a0\u00bbtop_left\u00a0\u00bb background_repeat=\u00a0\u00bbrepeat\u00a0\u00bb link_option_url=\u00a0\u00bbmailto:ingoal@ingoal.es\u00a0\u00bb custom_css_blurb_title=\u00a0\u00bbfont-weight: 500!important;\u00a0\u00bb]<\/p>\n<p>ingoal@ingoal.es<\/p>\n<p>[\/et_pb_blurb][\/et_pb_column][\/et_pb_row][\/et_pb_section]<\/p>\n","protected":false},"excerpt":{"rendered":"<p>TRAITEMENTS THERMIQUESNous poss\u00e9dons une large gamme de fours fixes. En particulier, nous avons un four pour normalisation de pi\u00e8ces et structures (longueur 15,8m. Largeur 5,8m. Hauteur 4m.). Tous nos fours sont \u00e9quip\u00e9s de programmateur, enregistreur et thermocouples, d\u00fbment calibr\u00e9s par des laboratoires accr\u00e9dit\u00e9s selon ENAC. Le nombre de thermocouples utilis\u00e9s d\u00e9pendra des exigences indiqu\u00e9es par [&hellip;]<\/p>\n","protected":false},"author":1,"featured_media":0,"parent":0,"menu_order":12,"comment_status":"closed","ping_status":"closed","template":"","meta":{"_et_pb_use_builder":"on","_et_pb_old_content":"","_et_gb_content_width":"","footnotes":""},"class_list":["post-2049","page","type-page","status-publish","hentry"],"_links":{"self":[{"href":"https:\/\/ingoal.es\/fr\/wp-json\/wp\/v2\/pages\/2049"}],"collection":[{"href":"https:\/\/ingoal.es\/fr\/wp-json\/wp\/v2\/pages"}],"about":[{"href":"https:\/\/ingoal.es\/fr\/wp-json\/wp\/v2\/types\/page"}],"author":[{"embeddable":true,"href":"https:\/\/ingoal.es\/fr\/wp-json\/wp\/v2\/users\/1"}],"replies":[{"embeddable":true,"href":"https:\/\/ingoal.es\/fr\/wp-json\/wp\/v2\/comments?post=2049"}],"version-history":[{"count":6,"href":"https:\/\/ingoal.es\/fr\/wp-json\/wp\/v2\/pages\/2049\/revisions"}],"predecessor-version":[{"id":2325,"href":"https:\/\/ingoal.es\/fr\/wp-json\/wp\/v2\/pages\/2049\/revisions\/2325"}],"wp:attachment":[{"href":"https:\/\/ingoal.es\/fr\/wp-json\/wp\/v2\/media?parent=2049"}],"curies":[{"name":"wp","href":"https:\/\/api.w.org\/{rel}","templated":true}]}}